{"id":149,"date":"2025-06-09T13:20:56","date_gmt":"2025-06-09T13:20:56","guid":{"rendered":"https:\/\/teste.ceagre.uem.mz\/?page_id=149"},"modified":"2025-06-09T13:37:47","modified_gmt":"2025-06-09T13:37:47","slug":"areas-de-prestacao-de-servicos","status":"publish","type":"page","link":"https:\/\/teste.ceagre.uem.mz\/index.php\/areas-de-prestacao-de-servicos\/","title":{"rendered":"\u00c1reas de Presta\u00e7\u00e3o de Servi\u00e7os"},"content":{"rendered":"\t\t<div data-elementor-type=\"wp-page\" data-elementor-id=\"149\" class=\"elementor elementor-149\">\n\t\t\t\t<div class=\"elementor-element elementor-element-5055d4b e-flex e-con-boxed e-con e-parent\" data-id=\"5055d4b\" data-element_type=\"container\">\n\t\t\t\t\t<div class=\"e-con-inner\">\n\t\t\t\t<div class=\"elementor-element elementor-element-b946286 elementor-widget elementor-widget-spacer\" data-id=\"b946286\" data-element_type=\"widget\" data-widget_type=\"spacer.default\">\n\t\t\t\t<div class=\"elementor-widget-container\">\n\t\t\t\t\t\t\t<div class=\"elementor-spacer\">\n\t\t\t<div class=\"elementor-spacer-inner\"><\/div>\n\t\t<\/div>\n\t\t\t\t\t\t<\/div>\n\t\t\t\t<\/div>\n\t\t\t\t<div class=\"elementor-element elementor-element-b6497eb elementor-widget__width-initial elementor-widget elementor-widget-heading\" data-id=\"b6497eb\" data-element_type=\"widget\" data-widget_type=\"heading.default\">\n\t\t\t\t<div class=\"elementor-widget-container\">\n\t\t\t\t\t<h2 class=\"elementor-heading-title elementor-size-default\">A\u0301reas de Prestac\u0327a\u0303o de Servic\u0327os<\/h2>\t\t\t\t<\/div>\n\t\t\t\t<\/div>\n\t\t\t\t<div class=\"elementor-element elementor-element-9c02272 elementor-widget__width-initial elementor-widget elementor-widget-text-editor\" data-id=\"9c02272\" data-element_type=\"widget\" data-widget_type=\"text-editor.default\">\n\t\t\t\t<div class=\"elementor-widget-container\">\n\t\t\t\t\t\t\t\t\t<div class=\"page\" title=\"Page 3\"><div class=\"layoutArea\"><div class=\"column\"><p>A organizac\u0327a\u0303o e funcionamento do CEAGRE, como um grupo multidisciplinar de cientistas e professores com especializac\u0327o\u0303es, experie\u0302ncias e capacidades numa vasta gama de a\u0301reas, permite uma efectiva abordagem integrada nos projectos de investigac\u0327a\u0303o aplicada e desenvolvimento, nas formac\u0327o\u0303es e servic\u0327os de consultoria prestados.<\/p><\/div><\/div><\/div>\t\t\t\t\t\t\t\t<\/div>\n\t\t\t\t<\/div>\n\t\t\t\t\t<\/div>\n\t\t\t\t<\/div>\n\t\t<div class=\"elementor-element elementor-element-7814d3f e-flex e-con-boxed e-con e-parent\" data-id=\"7814d3f\" data-element_type=\"container\">\n\t\t\t\t\t<div class=\"e-con-inner\">\n\t\t<div class=\"elementor-element elementor-element-f57b7f2 e-con-full e-flex e-con e-child\" data-id=\"f57b7f2\" data-element_type=\"container\">\n\t\t\t\t<div class=\"elementor-element elementor-element-569eb9b elementor-widget elementor-widget-text-editor\" data-id=\"569eb9b\" data-element_type=\"widget\" data-widget_type=\"text-editor.default\">\n\t\t\t\t<div class=\"elementor-widget-container\">\n\t\t\t\t\t\t\t\t\t<div class=\"page\" title=\"Page 3\"><div class=\"layoutArea\"><div class=\"column\"><p style=\"text-align: left\"><strong>As principais a\u0301reas de prestac\u0327a\u0303o de servic\u0327os do CEAGRE\/FAEF incluem:<\/strong><\/p><\/div><\/div><\/div>\t\t\t\t\t\t\t\t<\/div>\n\t\t\t\t<\/div>\n\t\t\t\t<div class=\"elementor-element elementor-element-69577f9 elementor-widget elementor-widget-n-accordion\" data-id=\"69577f9\" data-element_type=\"widget\" data-settings=\"{&quot;default_state&quot;:&quot;expanded&quot;,&quot;max_items_expended&quot;:&quot;one&quot;,&quot;n_accordion_animation_duration&quot;:{&quot;unit&quot;:&quot;ms&quot;,&quot;size&quot;:400,&quot;sizes&quot;:[]}}\" data-widget_type=\"nested-accordion.default\">\n\t\t\t\t<div class=\"elementor-widget-container\">\n\t\t\t\t\t\t\t<div class=\"e-n-accordion\" aria-label=\"Accordion. Open links with Enter or Space, close with Escape, and navigate with Arrow Keys\">\n\t\t\t\t\t\t<details id=\"e-n-accordion-item-1100\" class=\"e-n-accordion-item\" open>\n\t\t\t\t<summary class=\"e-n-accordion-item-title\" data-accordion-index=\"1\" tabindex=\"0\" aria-expanded=\"true\" aria-controls=\"e-n-accordion-item-1100\" >\n\t\t\t\t\t<span class='e-n-accordion-item-title-header'><div class=\"e-n-accordion-item-title-text\"> Avalia\u00e7\u00e3o, invent\u00e1rios e levantamentos de base <\/div><\/span>\n\t\t\t\t\t\t\t<span class='e-n-accordion-item-title-icon'>\n\t\t\t<span class='e-opened' ><i aria-hidden=\"true\" class=\"icon icon-up-arrow1\"><\/i><\/span>\n\t\t\t<span class='e-closed'><i aria-hidden=\"true\" class=\"icon icon-down-arrow1\"><\/i><\/span>\n\t\t<\/span>\n\n\t\t\t\t\t\t<\/summary>\n\t\t\t\t<div role=\"region\" aria-labelledby=\"e-n-accordion-item-1100\" class=\"elementor-element elementor-element-2e8aba2 e-con-full e-flex e-con e-child\" data-id=\"2e8aba2\" data-element_type=\"container\">\n\t\t\t\t<div class=\"elementor-element elementor-element-13bdeea elementor-widget elementor-widget-text-editor\" data-id=\"13bdeea\" data-element_type=\"widget\" data-widget_type=\"text-editor.default\">\n\t\t\t\t<div class=\"elementor-widget-container\">\n\t\t\t\t\t\t\t\t\t<div class=\"page\" title=\"Page 4\"><div class=\"layoutArea\"><div class=\"column\"><ul><li>Treinos de curta durac\u0327a\u0303o<\/li><li>Educac\u0327a\u0303o e formac\u0327a\u0303o profissional<\/li><li>Desenvolvimento de curri\u0301culos e programas de formac\u0327a\u0303o<\/li><li>Publicac\u0327o\u0303es e divulgac\u0327a\u0303o<\/li><\/ul><\/div><\/div><\/div>\t\t\t\t\t\t\t\t<\/div>\n\t\t\t\t<\/div>\n\t\t\t\t<\/div>\n\t\t\t\t\t<\/details>\n\t\t\t\t\t\t<details id=\"e-n-accordion-item-1101\" class=\"e-n-accordion-item\" >\n\t\t\t\t<summary class=\"e-n-accordion-item-title\" data-accordion-index=\"2\" tabindex=\"-1\" aria-expanded=\"false\" aria-controls=\"e-n-accordion-item-1101\" >\n\t\t\t\t\t<span class='e-n-accordion-item-title-header'><div class=\"e-n-accordion-item-title-text\"> Investiga\u00e7\u00e3o aplicada e desenvolvimento agr\u00e1rio e rural <\/div><\/span>\n\t\t\t\t\t\t\t<span class='e-n-accordion-item-title-icon'>\n\t\t\t<span class='e-opened' ><i aria-hidden=\"true\" class=\"icon icon-up-arrow1\"><\/i><\/span>\n\t\t\t<span class='e-closed'><i aria-hidden=\"true\" class=\"icon icon-down-arrow1\"><\/i><\/span>\n\t\t<\/span>\n\n\t\t\t\t\t\t<\/summary>\n\t\t\t\t<div role=\"region\" aria-labelledby=\"e-n-accordion-item-1101\" class=\"elementor-element elementor-element-feccd98 e-con-full e-flex e-con e-child\" data-id=\"feccd98\" data-element_type=\"container\">\n\t\t\t\t<div class=\"elementor-element elementor-element-11c26bf elementor-widget elementor-widget-text-editor\" data-id=\"11c26bf\" data-element_type=\"widget\" data-widget_type=\"text-editor.default\">\n\t\t\t\t<div class=\"elementor-widget-container\">\n\t\t\t\t\t\t\t\t\t<div class=\"page\" title=\"Page 4\"><div class=\"layoutArea\"><div class=\"column\"><ul><li><p>Ana\u0301lises de solos e do estado nutricional das plantas (Laborato\u0301rio de ana\u0301lises de solos)<\/p><\/li><li><p>Identificac\u0327a\u0303o de pragas, doenc\u0327as e infestantes (Cli\u0301nica Fitossanita\u0301ria)<\/p><\/li><li><p>Assiste\u0302ncia te\u0301cnica a\u0300 produc\u0327a\u0303o agri\u0301cola e florestal<\/p><\/li><li><p>Elaborac\u0327a\u0303o de planos de produc\u0327a\u0303o e de agro-nego\u0301cios<\/p><\/li><\/ul><\/div><\/div><\/div>\t\t\t\t\t\t\t\t<\/div>\n\t\t\t\t<\/div>\n\t\t\t\t<\/div>\n\t\t\t\t\t<\/details>\n\t\t\t\t\t\t<details id=\"e-n-accordion-item-1102\" class=\"e-n-accordion-item\" >\n\t\t\t\t<summary class=\"e-n-accordion-item-title\" data-accordion-index=\"3\" tabindex=\"-1\" aria-expanded=\"false\" aria-controls=\"e-n-accordion-item-1102\" >\n\t\t\t\t\t<span class='e-n-accordion-item-title-header'><div class=\"e-n-accordion-item-title-text\"> Forma\u00e7\u00e3o e disseminac\u0327a\u0303o de conhecimentos e tecnologias <\/div><\/span>\n\t\t\t\t\t\t\t<span class='e-n-accordion-item-title-icon'>\n\t\t\t<span class='e-opened' ><i aria-hidden=\"true\" class=\"icon icon-up-arrow1\"><\/i><\/span>\n\t\t\t<span class='e-closed'><i aria-hidden=\"true\" class=\"icon icon-down-arrow1\"><\/i><\/span>\n\t\t<\/span>\n\n\t\t\t\t\t\t<\/summary>\n\t\t\t\t<div role=\"region\" aria-labelledby=\"e-n-accordion-item-1102\" class=\"elementor-element elementor-element-ffe74e2 e-con-full e-flex e-con e-child\" data-id=\"ffe74e2\" data-element_type=\"container\">\n\t\t\t\t<div class=\"elementor-element elementor-element-0cfea7c elementor-widget elementor-widget-text-editor\" data-id=\"0cfea7c\" data-element_type=\"widget\" data-widget_type=\"text-editor.default\">\n\t\t\t\t<div class=\"elementor-widget-container\">\n\t\t\t\t\t\t\t\t\t<div class=\"page\" title=\"Page 4\"><div class=\"layoutArea\"><div class=\"column\"><ul><li><p>Ana\u0301lise de poli\u0301ticas agra\u0301rias, programas e planos do sector agra\u0301rio<\/p><\/li><li><p>Avaliac\u0327a\u0303o de programas e projectos<\/p><\/li><li><p>Formulac\u0327a\u0303o, gesta\u0303o, monitoria e avaliac\u0327a\u0303o de projectos<\/p><\/li><li><p>Planificac\u0327a\u0303o estrate\u0301gica<\/p><\/li><li><p>Organizac\u0327a\u0303o e moderac\u0327a\u0303o de semina\u0301rios, simpo\u0301sios e confere\u0302ncias<\/p><\/li><\/ul><\/div><\/div><\/div>\t\t\t\t\t\t\t\t<\/div>\n\t\t\t\t<\/div>\n\t\t\t\t<\/div>\n\t\t\t\t\t<\/details>\n\t\t\t\t\t\t<details id=\"e-n-accordion-item-1103\" class=\"e-n-accordion-item\" >\n\t\t\t\t<summary class=\"e-n-accordion-item-title\" data-accordion-index=\"4\" tabindex=\"-1\" aria-expanded=\"false\" aria-controls=\"e-n-accordion-item-1103\" >\n\t\t\t\t\t<span class='e-n-accordion-item-title-header'><div class=\"e-n-accordion-item-title-text\"> Assist\u00eancia t\u00e9cnica \u00e0 produ\u00e7\u00e3o e gest\u00e3o agr\u00e1rias <\/div><\/span>\n\t\t\t\t\t\t\t<span class='e-n-accordion-item-title-icon'>\n\t\t\t<span class='e-opened' ><i aria-hidden=\"true\" class=\"icon icon-up-arrow1\"><\/i><\/span>\n\t\t\t<span class='e-closed'><i aria-hidden=\"true\" class=\"icon icon-down-arrow1\"><\/i><\/span>\n\t\t<\/span>\n\n\t\t\t\t\t\t<\/summary>\n\t\t\t\t<div role=\"region\" aria-labelledby=\"e-n-accordion-item-1103\" class=\"elementor-element elementor-element-bee6609 e-con-full e-flex e-con e-child\" data-id=\"bee6609\" data-element_type=\"container\">\n\t\t\t\t<div class=\"elementor-element elementor-element-d2b2c8c elementor-widget elementor-widget-text-editor\" data-id=\"d2b2c8c\" data-element_type=\"widget\" data-widget_type=\"text-editor.default\">\n\t\t\t\t<div class=\"elementor-widget-container\">\n\t\t\t\t\t\t\t\t\t<div class=\"page\" title=\"Page 4\"><div class=\"layoutArea\"><div class=\"column\"><ul><li><p>Ana\u0301lises de solos e do estado nutricional das plantas (Laborato\u0301rio de ana\u0301lises de solos)<\/p><\/li><li><p>Identificac\u0327a\u0303o de pragas, doenc\u0327as e infestantes (Cli\u0301nica Fitossanita\u0301ria)<\/p><\/li><li><p>Assiste\u0302ncia te\u0301cnica a\u0300 produc\u0327a\u0303o agri\u0301cola e florestal<\/p><\/li><li><p>Elaborac\u0327a\u0303o de planos de produc\u0327a\u0303o e de agro-nego\u0301cios<\/p><\/li><\/ul><\/div><\/div><\/div>\t\t\t\t\t\t\t\t<\/div>\n\t\t\t\t<\/div>\n\t\t\t\t<\/div>\n\t\t\t\t\t<\/details>\n\t\t\t\t\t\t<details id=\"e-n-accordion-item-1104\" class=\"e-n-accordion-item\" >\n\t\t\t\t<summary class=\"e-n-accordion-item-title\" data-accordion-index=\"5\" tabindex=\"-1\" aria-expanded=\"false\" aria-controls=\"e-n-accordion-item-1104\" >\n\t\t\t\t\t<span class='e-n-accordion-item-title-header'><div class=\"e-n-accordion-item-title-text\"> Avalia\u00e7\u00e3o de pol\u00edticas e de programas e projectos agr\u00e1rios e de desenvolvimento rural <\/div><\/span>\n\t\t\t\t\t\t\t<span class='e-n-accordion-item-title-icon'>\n\t\t\t<span class='e-opened' ><i aria-hidden=\"true\" class=\"icon icon-up-arrow1\"><\/i><\/span>\n\t\t\t<span class='e-closed'><i aria-hidden=\"true\" class=\"icon icon-down-arrow1\"><\/i><\/span>\n\t\t<\/span>\n\n\t\t\t\t\t\t<\/summary>\n\t\t\t\t<div role=\"region\" aria-labelledby=\"e-n-accordion-item-1104\" class=\"elementor-element elementor-element-6d3d700 e-con-full e-flex e-con e-child\" data-id=\"6d3d700\" data-element_type=\"container\">\n\t\t\t\t<div class=\"elementor-element elementor-element-aa73f62 elementor-widget elementor-widget-text-editor\" data-id=\"aa73f62\" data-element_type=\"widget\" data-widget_type=\"text-editor.default\">\n\t\t\t\t<div class=\"elementor-widget-container\">\n\t\t\t\t\t\t\t\t\t<div class=\"page\" title=\"Page 4\"><div class=\"layoutArea\"><div class=\"column\"><ul><li><p>Ana\u0301lise de poli\u0301ticas agra\u0301rias, programas e planos do sector agra\u0301rio<\/p><\/li><li><p>Avaliac\u0327a\u0303o de programas e projectos<\/p><\/li><li><p>Formulac\u0327a\u0303o, gesta\u0303o, monitoria e avaliac\u0327a\u0303o de projectos<\/p><\/li><li><p>Planificac\u0327a\u0303o estrate\u0301gica<\/p><\/li><li><p>Organizac\u0327a\u0303o e moderac\u0327a\u0303o de semina\u0301rios, simpo\u0301sios e confere\u0302ncias<\/p><\/li><\/ul><\/div><\/div><\/div>\t\t\t\t\t\t\t\t<\/div>\n\t\t\t\t<\/div>\n\t\t\t\t<\/div>\n\t\t\t\t\t<\/details>\n\t\t\t\t\t<\/div>\n\t\t\t\t\t\t<\/div>\n\t\t\t\t<\/div>\n\t\t\t\t<div class=\"elementor-element elementor-element-5605cd2 elementor-widget elementor-widget-spacer\" data-id=\"5605cd2\" data-element_type=\"widget\" data-widget_type=\"spacer.default\">\n\t\t\t\t<div class=\"elementor-widget-container\">\n\t\t\t\t\t\t\t<div class=\"elementor-spacer\">\n\t\t\t<div class=\"elementor-spacer-inner\"><\/div>\n\t\t<\/div>\n\t\t\t\t\t\t<\/div>\n\t\t\t\t<\/div>\n\t\t\t\t<\/div>\n\t\t\t\t\t<\/div>\n\t\t\t\t<\/div>\n\t\t\t\t<\/div>\n\t\t","protected":false},"excerpt":{"rendered":"<p>A\u0301reas de Prestac\u0327a\u0303o de Servic\u0327os A organizac\u0327a\u0303o e funcionamento do CEAGRE, como um grupo multidisciplinar de cientistas e professores com [&hellip;]<\/p>\n","protected":false},"author":2,"featured_media":0,"parent":0,"menu_order":0,"comment_status":"closed","ping_status":"closed","template":"","meta":{"site-sidebar-layout":"no-sidebar","site-content-layout":"","ast-site-content-layout":"full-width-container","site-content-style":"default","site-sidebar-style":"default","ast-global-header-display":"","ast-banner-title-visibility":"","ast-main-header-display":"","ast-hfb-above-header-display":"","ast-hfb-below-header-display":"","ast-hfb-mobile-header-display":"","site-post-title":"disabled","ast-breadcrumbs-content":"","ast-featured-img":"disabled","footer-sml-layout":"","theme-transparent-header-meta":"","adv-header-id-meta":"","stick-header-meta":"","header-above-stick-meta":"","header-main-stick-meta":"","header-below-stick-meta":"","astra-migrate-meta-layouts":"default","ast-page-background-enabled":"default","ast-page-background-meta":{"desktop":{"background-color":"var(--ast-global-color-5)","background-image":"","background-repeat":"repeat","background-position":"center center","background-size":"auto","background-attachment":"scroll","background-type":"","background-media":"","overlay-type":"","overlay-color":"","overlay-opacity":"","overlay-gradient":""},"tablet":{"background-color":"","background-image":"","background-repeat":"repeat","background-position":"center center","background-size":"auto","background-attachment":"scroll","background-type":"","background-media":"","overlay-type":"","overlay-color":"","overlay-opacity":"","overlay-gradient":""},"mobile":{"background-color":"","background-image":"","background-repeat":"repeat","background-position":"center center","background-size":"auto","background-attachment":"scroll","background-type":"","background-media":"","overlay-type":"","overlay-color":"","overlay-opacity":"","overlay-gradient":""}},"ast-content-background-meta":{"desktop":{"background-color":"var(--ast-global-color-4)","background-image":"","background-repeat":"repeat","background-position":"center center","background-size":"auto","background-attachment":"scroll","background-type":"","background-media":"","overlay-type":"","overlay-color":"","overlay-opacity":"","overlay-gradient":""},"tablet":{"background-color":"var(--ast-global-color-4)","background-image":"","background-repeat":"repeat","background-position":"center center","background-size":"auto","background-attachment":"scroll","background-type":"","background-media":"","overlay-type":"","overlay-color":"","overlay-opacity":"","overlay-gradient":""},"mobile":{"background-color":"var(--ast-global-color-4)","background-image":"","background-repeat":"repeat","background-position":"center center","background-size":"auto","background-attachment":"scroll","background-type":"","background-media":"","overlay-type":"","overlay-color":"","overlay-opacity":"","overlay-gradient":""}},"footnotes":""},"class_list":["post-149","page","type-page","status-publish","hentry"],"_links":{"self":[{"href":"https:\/\/teste.ceagre.uem.mz\/index.php\/wp-json\/wp\/v2\/pages\/149","targetHints":{"allow":["GET"]}}],"collection":[{"href":"https:\/\/teste.ceagre.uem.mz\/index.php\/wp-json\/wp\/v2\/pages"}],"about":[{"href":"https:\/\/teste.ceagre.uem.mz\/index.php\/wp-json\/wp\/v2\/types\/page"}],"author":[{"embeddable":true,"href":"https:\/\/teste.ceagre.uem.mz\/index.php\/wp-json\/wp\/v2\/users\/2"}],"replies":[{"embeddable":true,"href":"https:\/\/teste.ceagre.uem.mz\/index.php\/wp-json\/wp\/v2\/comments?post=149"}],"version-history":[{"count":4,"href":"https:\/\/teste.ceagre.uem.mz\/index.php\/wp-json\/wp\/v2\/pages\/149\/revisions"}],"predecessor-version":[{"id":222,"href":"https:\/\/teste.ceagre.uem.mz\/index.php\/wp-json\/wp\/v2\/pages\/149\/revisions\/222"}],"wp:attachment":[{"href":"https:\/\/teste.ceagre.uem.mz\/index.php\/wp-json\/wp\/v2\/media?parent=149"}],"curies":[{"name":"wp","href":"https:\/\/api.w.org\/{rel}","templated":true}]}}